{"id":339,"date":"2022-03-23T16:30:31","date_gmt":"2022-03-23T16:30:31","guid":{"rendered":"http:\/\/www.kktckamusen.org\/?page_id=339"},"modified":"2024-10-08T10:05:48","modified_gmt":"2024-10-08T10:05:48","slug":"disiplin-kurulu","status":"publish","type":"page","link":"https:\/\/www.kktckamusen.org\/index.php\/disiplin-kurulu\/","title":{"rendered":"Disiplin Kurulu"},"content":{"rendered":"<div id=\"tdi_1\" class=\"tdc-zone\"><div class=\"tdc_zone tdi_2  wpb_row td-pb-row\"  >\n<style scoped>\n\/* custom css - generated by TagDiv Composer *\/\n\n\/* custom css - generated by TagDiv Composer *\/\n\/* custom css - generated by TagDiv Composer *\/\n.tdi_2{\r\n                    min-height: 0;\r\n                }\n<\/style><div id=\"tdi_3\" class=\"tdc-row\"><div class=\"vc_row tdi_4  wpb_row td-pb-row\" >\n<style scoped>\n\/* custom css - generated by TagDiv Composer *\/\n\n\/* custom css - generated by TagDiv Composer *\/\n\/* custom css - generated by TagDiv Composer *\/\n.tdi_4,\r\n                .tdi_4 .tdc-columns{\r\n                    min-height: 0;\r\n                }.tdi_4,\r\n\t\t\t\t.tdi_4 .tdc-columns{\r\n\t\t\t\t    display: flex;\r\n\t\t\t\t\r\n\t\t\t\t    flex-direction: row;\r\n\t\t\t\t\r\n\t\t\t\t    flex-wrap: nowrap;\r\n\t\t\t\t\r\n\t\t\t\t    justify-content: flex-start;\r\n\t\t\t\t\r\n\t\t\t\t    align-items: flex-start;\r\n\t\t\t\t}.tdi_4 .tdc-columns{\r\n\t\t\t\t    width: 100%;\r\n\t\t\t\t}\n<\/style><div class=\"vc_column tdi_6  wpb_column vc_column_container tdc-column td-pb-span12\">\n<style scoped>\n\/* custom css - generated by TagDiv Composer *\/\n\n\/* custom css - generated by TagDiv Composer *\/\n\/* custom css - generated by TagDiv Composer *\/\n.tdi_6{\r\n                    vertical-align: baseline;\r\n                }.tdi_6 > .wpb_wrapper,\r\n\t\t\t\t.tdi_6 > .wpb_wrapper > .tdc-elements{\r\n\t\t\t\t    display: flex;\r\n\t\t\t\t\r\n\t\t\t\t    flex-direction: row;\r\n\t\t\t\t\r\n\t\t\t\t    flex-wrap: nowrap;\r\n\t\t\t\t\r\n\t\t\t\t    justify-content: flex-start;\r\n\t\t\t\t\r\n\t\t\t\t    align-items: flex-start;\r\n\t\t\t\t}.tdi_6 > .wpb_wrapper > .tdc-elements{\r\n\t\t\t\t    width: 100%;\r\n\t\t\t\t}.tdi_6 > .wpb_wrapper > .vc_row_inner{\r\n\t\t\t\t    width: auto;\r\n\t\t\t\t}.tdi_6 > .wpb_wrapper{\r\n\t\t\t\t    width: 100%;\r\n\t\t\t\t    height: 100%;\r\n\t\t\t\t}\n<\/style><div class=\"wpb_wrapper\" ><div class=\"tdm_block td_block_wrap tdm_block_inline_image tdi_7 td-animation-stack tdm-inline-block tdm-content-horiz-center td-pb-border-top td_block_template_1\"  data-td-block-uid=\"tdi_7\" >\n<style>\n\/* custom css - generated by TagDiv Composer *\/\n\/* custom css - generated by TagDiv Composer *\/\n.tdm_block.tdm_block_inline_image{\r\n                  position: relative;\r\n                  margin-bottom: 0;\r\n                  line-height: 0;\r\n                }.tdm_block.tdm_block_inline_image .tdm-inline-image-wrap{\r\n                  position: relative;\r\n                  display: inline-block;\r\n                }.tdm_block.tdm_block_inline_image .td-image-video-modal{\r\n                  cursor: pointer;\r\n                }.tdm_block.tdm_block_inline_image .tdm-caption{\r\n                  width: 100%;\r\n                  font-family: Verdana, BlinkMacSystemFont, -apple-system, \"Segoe UI\", Roboto, Oxygen, Ubuntu, Cantarell, \"Open Sans\", \"Helvetica Neue\", sans-serif;\r\n                  padding-top: 6px;\r\n                  padding-bottom: 6px;\r\n                  font-size: 12px;\r\n                  font-style: italic;\r\n                  font-weight: normal;\r\n                  line-height: 17px;\r\n                  color: #444;\r\n                }.tdm_block.tdm_block_inline_image.tdm-caption-over-image .tdm-caption{\r\n                  position: absolute;\r\n                  left: 0;\r\n                  bottom: 0;\r\n                  margin-top: 0;\r\n                  padding-left: 10px;\r\n                  padding-right: 10px;\r\n                  width: 100%;\r\n                  background: rgba(0, 0, 0, 0.7);\r\n                  color: #fff;\r\n                }.tdi_7{\r\n                    width: 150px;\r\n                }.tdi_7 .tdm-inline-image-wrap:hover:before{\r\n                    opacity: 0;\r\n                }\n<\/style><div class=\"tdm-inline-image-wrap \" ><img class=\"tdm-image td-fix-index td-lazy-img\" src=\"data:image\/png;base64,iVBORw0KGgoAAAANSUhEUgAABCwAAAJEAQMAAADnqyfeAAAAA1BMVEWurq51dlI4AAAAAXRSTlMmkutdmwAAAG9JREFUeNrswYEAAAAAgKD9qRepAgAAAAAAAAAAAAAAAAAAAAAAAAAAAAAAAAAAAAAAAAAAAAAAAAAAAAAAAAAAAAAAAAAAAAAAAAAAAADg9uCQAAAAAEDQ\/9fOsAAAAAAAAAAAAAAAAAAAAAAAsAox6wABwRHV3QAAAABJRU5ErkJggg==\" data-type=\"image_tag\" data-img-url=\"https:\/\/www.kktckamusen.org\/wp-content\/uploads\/2022\/04\/unknown-male-profile-300x300.jpg\"  title=\"unknown-male-profile\" width=\"300\" height=\"300\"><\/div><div class=\"tdm-caption\">AY\u015eE B\u0130LGEHAN<\/div><\/div><div class=\"tdm_block td_block_wrap tdm_block_inline_image tdi_8 td-animation-stack tdm-inline-block tdm-content-horiz-center td-pb-border-top td_block_template_1\"  data-td-block-uid=\"tdi_8\" >\n<style>\n\/* custom css - generated by TagDiv Composer *\/\n\/* custom css - generated by TagDiv Composer *\/\n.tdi_8{\r\n                    width: 150px;\r\n                }.tdi_8 .tdm-inline-image-wrap:hover:before{\r\n                    opacity: 0;\r\n                }\n<\/style><div class=\"tdm-inline-image-wrap \" ><img class=\"tdm-image td-fix-index td-lazy-img\" src=\"data:image\/png;base64,iVBORw0KGgoAAAANSUhEUgAABCwAAAJEAQMAAADnqyfeAAAAA1BMVEWurq51dlI4AAAAAXRSTlMmkutdmwAAAG9JREFUeNrswYEAAAAAgKD9qRepAgAAAAAAAAAAAAAAAAAAAAAAAAAAAAAAAAAAAAAAAAAAAAAAAAAAAAAAAAAAAAAAAAAAAAAAAAAAAADg9uCQAAAAAEDQ\/9fOsAAAAAAAAAAAAAAAAAAAAAAAsAox6wABwRHV3QAAAABJRU5ErkJggg==\" data-type=\"image_tag\" data-img-url=\"https:\/\/www.kktckamusen.org\/wp-content\/uploads\/2022\/04\/unknown-male-profile-300x300.jpg\"  title=\"unknown-male-profile\" width=\"300\" height=\"300\"><\/div><div class=\"tdm-caption\">H\u00dcSEY\u0130N \u00c7EK\u0130RDEK<\/div><\/div><div class=\"tdm_block td_block_wrap tdm_block_inline_image tdi_9 td-animation-stack tdm-inline-block tdm-content-horiz-center td-pb-border-top td_block_template_1\"  data-td-block-uid=\"tdi_9\" >\n<style>\n\/* custom css - generated by TagDiv Composer *\/\n\/* custom css - generated by TagDiv Composer *\/\n.tdi_9{\r\n                    width: 150px;\r\n                }.tdi_9 .tdm-inline-image-wrap:hover:before{\r\n                    opacity: 0;\r\n                }\n<\/style><div class=\"tdm-inline-image-wrap \" ><img class=\"tdm-image td-fix-index td-lazy-img\" src=\"data:image\/png;base64,iVBORw0KGgoAAAANSUhEUgAABCwAAAJEAQMAAADnqyfeAAAAA1BMVEWurq51dlI4AAAAAXRSTlMmkutdmwAAAG9JREFUeNrswYEAAAAAgKD9qRepAgAAAAAAAAAAAAAAAAAAAAAAAAAAAAAAAAAAAAAAAAAAAAAAAAAAAAAAAAAAAAAAAAAAAAAAAAAAAADg9uCQAAAAAEDQ\/9fOsAAAAAAAAAAAAAAAAAAAAAAAsAox6wABwRHV3QAAAABJRU5ErkJggg==\" data-type=\"image_tag\" data-img-url=\"https:\/\/www.kktckamusen.org\/wp-content\/uploads\/2022\/04\/unknown-male-profile-300x300.jpg\"  title=\"unknown-male-profile\" width=\"300\" height=\"300\"><\/div><div class=\"tdm-caption\">ZEK\u0130YE B\u0130LGEHAN<\/div><\/div><div class=\"tdm_block td_block_wrap tdm_block_inline_image tdi_10 td-animation-stack tdm-inline-block tdm-content-horiz-center td-pb-border-top td_block_template_1\"  data-td-block-uid=\"tdi_10\" >\n<style>\n\/* custom css - generated by TagDiv Composer *\/\n\/* custom css - generated by TagDiv Composer *\/\n.tdi_10{\r\n                    width: 150px;\r\n                }.tdi_10 .tdm-inline-image-wrap:hover:before{\r\n                    opacity: 0;\r\n                }\n<\/style><div class=\"tdm-inline-image-wrap \" ><img class=\"tdm-image td-fix-index td-lazy-img\" src=\"data:image\/png;base64,iVBORw0KGgoAAAANSUhEUgAABCwAAAJEAQMAAADnqyfeAAAAA1BMVEWurq51dlI4AAAAAXRSTlMmkutdmwAAAG9JREFUeNrswYEAAAAAgKD9qRepAgAAAAAAAAAAAAAAAAAAAAAAAAAAAAAAAAAAAAAAAAAAAAAAAAAAAAAAAAAAAAAAAAAAAAAAAAAAAADg9uCQAAAAAEDQ\/9fOsAAAAAAAAAAAAAAAAAAAAAAAsAox6wABwRHV3QAAAABJRU5ErkJggg==\" data-type=\"image_tag\" data-img-url=\"https:\/\/www.kktckamusen.org\/wp-content\/uploads\/2022\/04\/unknown-male-profile-300x300.jpg\"  title=\"unknown-male-profile\" width=\"300\" height=\"300\"><\/div><div class=\"tdm-caption\">TAHS\u0130N ALTINCIO\u011eLU<\/div><\/div><div class=\"tdm_block td_block_wrap tdm_block_inline_image tdi_11 td-animation-stack tdm-inline-block tdm-content-horiz-center td-pb-border-top td_block_template_1\"  data-td-block-uid=\"tdi_11\" >\n<style>\n\/* custom css - generated by TagDiv Composer *\/\n\/* custom css - generated by TagDiv Composer *\/\n.tdi_11{\r\n                    width: 150px;\r\n                }.tdi_11 .tdm-inline-image-wrap:hover:before{\r\n                    opacity: 0;\r\n                }\n<\/style><div class=\"tdm-inline-image-wrap \" ><img class=\"tdm-image td-fix-index td-lazy-img\" src=\"data:image\/png;base64,iVBORw0KGgoAAAANSUhEUgAABCwAAAJEAQMAAADnqyfeAAAAA1BMVEWurq51dlI4AAAAAXRSTlMmkutdmwAAAG9JREFUeNrswYEAAAAAgKD9qRepAgAAAAAAAAAAAAAAAAAAAAAAAAAAAAAAAAAAAAAAAAAAAAAAAAAAAAAAAAAAAAAAAAAAAAAAAAAAAADg9uCQAAAAAEDQ\/9fOsAAAAAAAAAAAAAAAAAAAAAAAsAox6wABwRHV3QAAAABJRU5ErkJggg==\" data-type=\"image_tag\" data-img-url=\"https:\/\/www.kktckamusen.org\/wp-content\/uploads\/2022\/04\/unknown-male-profile-300x300.jpg\"  title=\"unknown-male-profile\" width=\"300\" height=\"300\"><\/div><div class=\"tdm-caption\">MUSTAFA USLUER<\/div><\/div><\/div><\/div><\/div><\/div><\/div><\/div>","protected":false},"excerpt":{"rendered":"","protected":false},"author":1,"featured_media":0,"parent":0,"menu_order":0,"comment_status":"closed","ping_status":"closed","template":"","meta":{"tdm_status":"disabled","tdm_grid_status":"","footnotes":""},"acf":[],"aioseo_notices":[],"_links":{"self":[{"href":"https:\/\/www.kktckamusen.org\/index.php\/wp-json\/wp\/v2\/pages\/339"}],"collection":[{"href":"https:\/\/www.kktckamusen.org\/index.php\/wp-json\/wp\/v2\/pages"}],"about":[{"href":"https:\/\/www.kktckamusen.org\/index.php\/wp-json\/wp\/v2\/types\/page"}],"author":[{"embeddable":true,"href":"https:\/\/www.kktckamusen.org\/index.php\/wp-json\/wp\/v2\/users\/1"}],"replies":[{"embeddable":true,"href":"https:\/\/www.kktckamusen.org\/index.php\/wp-json\/wp\/v2\/comments?post=339"}],"version-history":[{"count":3,"href":"https:\/\/www.kktckamusen.org\/index.php\/wp-json\/wp\/v2\/pages\/339\/revisions"}],"predecessor-version":[{"id":1270,"href":"https:\/\/www.kktckamusen.org\/index.php\/wp-json\/wp\/v2\/pages\/339\/revisions\/1270"}],"wp:attachment":[{"href":"https:\/\/www.kktckamusen.org\/index.php\/wp-json\/wp\/v2\/media?parent=339"}],"curies":[{"name":"wp","href":"https:\/\/api.w.org\/{rel}","templated":true}]}}