{"id":127,"date":"2022-03-09T17:47:58","date_gmt":"2022-03-09T14:47:58","guid":{"rendered":"http:\/\/www.gusbonft.com\/kamusen\/?page_id=127"},"modified":"2024-10-08T06:19:15","modified_gmt":"2024-10-08T06:19:15","slug":"sendika-tuzugu","status":"publish","type":"page","link":"https:\/\/www.kktckamusen.org\/index.php\/sendika-tuzugu\/","title":{"rendered":"Sendika T\u00fcz\u00fc\u011f\u00fc"},"content":{"rendered":"\n<p class=\"has-text-align-center\">Sendika T\u00fcz\u00fc\u011f\u00fc i\u00e7in t\u0131klay\u0131n\u0131z.<\/p>\n\n\n\n<div class=\"wp-block-buttons is-content-justification-center is-layout-flex wp-container-1 wp-block-buttons-is-layout-flex\">\n<div class=\"wp-block-button is-style-3d td_btn_large\"><a class=\"wp-block-button__link wp-element-button\" href=\"https:\/\/www.kktckamusen.org\/wp-content\/uploads\/2024\/10\/Kamu-Tuzuk-2024.pdf\" target=\"_blank\" rel=\"noreferrer noopener\">Sendika T\u00fcz\u00fc\u011f\u00fc<\/a><\/div>\n<\/div>\n","protected":false},"excerpt":{"rendered":"<p>Sendika T\u00fcz\u00fc\u011f\u00fc i\u00e7in t\u0131klay\u0131n\u0131z.<\/p>\n","protected":false},"author":1,"featured_media":0,"parent":0,"menu_order":0,"comment_status":"closed","ping_status":"closed","template":"","meta":{"tdm_status":"disabled","tdm_grid_status":"","footnotes":""},"acf":[],"aioseo_notices":[],"_links":{"self":[{"href":"https:\/\/www.kktckamusen.org\/index.php\/wp-json\/wp\/v2\/pages\/127"}],"collection":[{"href":"https:\/\/www.kktckamusen.org\/index.php\/wp-json\/wp\/v2\/pages"}],"about":[{"href":"https:\/\/www.kktckamusen.org\/index.php\/wp-json\/wp\/v2\/types\/page"}],"author":[{"embeddable":true,"href":"https:\/\/www.kktckamusen.org\/index.php\/wp-json\/wp\/v2\/users\/1"}],"replies":[{"embeddable":true,"href":"https:\/\/www.kktckamusen.org\/index.php\/wp-json\/wp\/v2\/comments?post=127"}],"version-history":[{"count":19,"href":"https:\/\/www.kktckamusen.org\/index.php\/wp-json\/wp\/v2\/pages\/127\/revisions"}],"predecessor-version":[{"id":1264,"href":"https:\/\/www.kktckamusen.org\/index.php\/wp-json\/wp\/v2\/pages\/127\/revisions\/1264"}],"wp:attachment":[{"href":"https:\/\/www.kktckamusen.org\/index.php\/wp-json\/wp\/v2\/media?parent=127"}],"curies":[{"name":"wp","href":"https:\/\/api.w.org\/{rel}","templated":true}]}}