{"id":121,"date":"2022-03-09T17:34:41","date_gmt":"2022-03-09T14:34:41","guid":{"rendered":"http:\/\/www.gusbonft.com\/kamusen\/?page_id=121"},"modified":"2024-03-20T11:33:37","modified_gmt":"2024-03-20T11:33:37","slug":"yasalar","status":"publish","type":"page","link":"https:\/\/www.kktckamusen.org\/index.php\/yasalar\/","title":{"rendered":"Yasalar, T\u00fcz\u00fckler ve Tasar\u0131lar"},"content":{"rendered":"\n<p><\/p>\n\n\n\n<p><\/p>\n\n\n\n<p><a href=\"http:\/\/mevzuat.kamunet.net\/mmd\/yasalar\/Kamu_Gorevlileri_Yasasi.pdf\">Kamu G\u00f6revlileri Yasas\u0131 7\/79<\/a><\/p>\n\n\n\n<p><a href=\"http:\/\/www.ktams.org\/wp-content\/uploads\/2018\/08\/47-2010.pdf\">Kamu \u00c7al\u0131\u015fanlar\u0131n\u0131n Ayl\u0131k (Maa\u015f) ve Di\u011fer \u00d6denekleri D\u00fczenlenmesi Yasas\u0131 47\/2010<\/a><\/p>\n\n\n\n<p><a href=\"http:\/\/www.ktams.org\/wp-content\/uploads\/2018\/08\/6-2009.pdf\">Kamu Sa\u011fl\u0131k \u00c7al\u0131\u015fanlar\u0131 Yasas\u0131 6\/2009<\/a><\/p>\n\n\n\n<p><a href=\"http:\/\/www.ktams.org\/wp-content\/uploads\/2018\/08\/73-2007.pdf\">Sosyal G\u00fcvenlik Yasas\u0131 73\/2007<\/a><\/p>\n\n\n\n<p><\/p>\n","protected":false},"excerpt":{"rendered":"<p>Kamu G\u00f6revlileri Yasas\u0131 7\/79 Kamu \u00c7al\u0131\u015fanlar\u0131n\u0131n Ayl\u0131k (Maa\u015f) ve Di\u011fer \u00d6denekleri D\u00fczenlenmesi Yasas\u0131 47\/2010 Kamu Sa\u011fl\u0131k \u00c7al\u0131\u015fanlar\u0131 Yasas\u0131 6\/2009 Sosyal G\u00fcvenlik Yasas\u0131 73\/2007<\/p>\n","protected":false},"author":1,"featured_media":0,"parent":0,"menu_order":0,"comment_status":"closed","ping_status":"closed","template":"","meta":{"tdm_status":"disabled","tdm_grid_status":"","footnotes":""},"acf":[],"aioseo_notices":[],"_links":{"self":[{"href":"https:\/\/www.kktckamusen.org\/index.php\/wp-json\/wp\/v2\/pages\/121"}],"collection":[{"href":"https:\/\/www.kktckamusen.org\/index.php\/wp-json\/wp\/v2\/pages"}],"about":[{"href":"https:\/\/www.kktckamusen.org\/index.php\/wp-json\/wp\/v2\/types\/page"}],"author":[{"embeddable":true,"href":"https:\/\/www.kktckamusen.org\/index.php\/wp-json\/wp\/v2\/users\/1"}],"replies":[{"embeddable":true,"href":"https:\/\/www.kktckamusen.org\/index.php\/wp-json\/wp\/v2\/comments?post=121"}],"version-history":[{"count":2,"href":"https:\/\/www.kktckamusen.org\/index.php\/wp-json\/wp\/v2\/pages\/121\/revisions"}],"predecessor-version":[{"id":474,"href":"https:\/\/www.kktckamusen.org\/index.php\/wp-json\/wp\/v2\/pages\/121\/revisions\/474"}],"wp:attachment":[{"href":"https:\/\/www.kktckamusen.org\/index.php\/wp-json\/wp\/v2\/media?parent=121"}],"curies":[{"name":"wp","href":"https:\/\/api.w.org\/{rel}","templated":true}]}}